{"id":1671,"date":"2020-01-06T10:10:39","date_gmt":"2020-01-06T09:10:39","guid":{"rendered":"http:\/\/pura-arquitectura.com\/?page_id=1671"},"modified":"2023-11-24T11:54:48","modified_gmt":"2023-11-24T10:54:48","slug":"1671-2","status":"publish","type":"page","link":"https:\/\/pura-arquitectura.work\/?page_id=1671","title":{"rendered":""},"content":{"rendered":"<ul>\n<li><a href=\"https:\/\/pura-arquitectura.com\/wordpress\/wp-content\/uploads\/2023\/08\/03.jpg\" data-rel=\"lightbox-image-0\" data-magnific_type=\"image\" data-rl_title=\"\" data-rl_caption=\"\" title=\"\"><u>Biurrun-Olcoz: 3\u00ba PREMIO en concurso<\/u><\/a><br \/>\nCasa Consistorial, Casa Concejil y Centro C\u00edvico-Social, agosto 2023<\/li>\n<\/ul>\n<ul>\n<li><a href=\"http:\/\/pura-arquitectura.com\/wordpress\/wp-content\/uploads\/2021\/10\/grupo-VIA.jpg\" data-rel=\"lightbox-image-1\" data-magnific_type=\"image\" data-rl_title=\"\" data-rl_caption=\"\" title=\"\"><u>cena networking de Grupo V\u00eda con estudios de arquitectura l\u00edderes de la ciudad<\/u><\/a><br \/>\nRestaurante Bokado Mikel Santamar\u00eda, octubre 2021<\/li>\n<\/ul>\n<ul>\n<li><a href=\"http:\/\/pura-arquitectura.com\/wordpress\/wp-content\/uploads\/2021\/09\/conferencia.jpg\" data-rel=\"lightbox-image-2\" data-magnific_type=\"image\" data-rl_title=\"\" data-rl_caption=\"\" title=\"\"><u>Conferencia inaugural curso 2021-22<\/u><\/a><br \/>\nEscuela T\u00e9cnica Superior de Arquitectura de San Sebasti\u00e1n ETSA- UPV, septiembre 2021<\/li>\n<\/ul>\n<ul>\n<li><a href=\"http:\/\/pura-arquitectura.com\/wordpress\/wp-content\/uploads\/2021\/04\/Image-10.jpg\" data-rel=\"lightbox-image-3\" data-magnific_type=\"image\" data-rl_title=\"\" data-rl_caption=\"\" title=\"\"><u>V de Bautismo: FINALISTA en el Festival Internacional de Arquitectura y Dise\u00f1o CONC\u00c9NTRICO de Logro\u00f1o, edici\u00f3n 2021<\/u><\/a><br \/>\nPropuesta seleccionada por un prestigioso jurado, presidido por los arquitectos Anna y Eugeni Bach, como uno de los 12 finalistas entre 178 propuestas de m\u00e1s de 50 pa\u00edses.<\/li>\n<\/ul>\n<ul>\n<li><u><a href=\"http:\/\/pura-arquitectura.com\/wordpress\/wp-content\/uploads\/2021\/02\/architecture-design.jpg\" data-rel=\"lightbox-image-4\" data-magnific_type=\"image\" data-rl_title=\"\" data-rl_caption=\"\" title=\"\">Ponente en Architecture &amp; Design San Sebasti\u00e1n<\/a><\/u><br \/>\nJornada organizada por el Grupo V\u00eda, Hotel Maria Cristina, octubre 2020<\/li>\n<\/ul>\n<ul>\n<li><a href=\"http:\/\/pura-arquitectura.com\/wordpress\/wp-content\/uploads\/2020\/09\/vista-piscina.jpg\" data-rel=\"lightbox-image-5\" data-magnific_type=\"image\" data-rl_title=\"\" data-rl_caption=\"\" title=\"\"><u>ZUHAITZ ARTEAN: 3\u00ba premio en concurso de ideas<\/u><\/a><br \/>\nReforma del edificio Bengolarra, Ayuntamiento de Zigoitia, junio 2020<\/li>\n<\/ul>\n<ul>\n<li><u><a href=\"http:\/\/pura-arquitectura.com\/wordpress\/wp-content\/uploads\/2020\/01\/master-gastro.jpg\" data-rel=\"lightbox-image-6\" data-magnific_type=\"image\" data-rl_title=\"\" data-rl_caption=\"\" title=\"\">Profesora invitada en el M\u00e1ster en Dise\u00f1o de Espacios Gastron\u00f3micos<\/a><\/u><br \/>\nEscuela T\u00e9cnica Superior de Arquitectura de San Sebasti\u00e1n ETSA- UPV, cursos 2019-2020\/2020-2021\/2021-2022<\/li>\n<\/ul>\n<ul>\n<li><u><a href=\"http:\/\/pura-arquitectura.com\/wordpress\/wp-content\/uploads\/2020\/01\/bienal.jpg\" data-rel=\"lightbox-image-7\" data-magnific_type=\"image\" data-rl_title=\"\" data-rl_caption=\"\" title=\"\">Participaci\u00f3n en MUGAK,\u00a0 BIENAL INTERNACIONAL DE ARQUITECTURA<\/a><\/u><br \/>\nislas HUB, Plaza de la Trinidad, octubre 2019<\/li>\n<\/ul>\n<ul>\n<li><u><a href=\"http:\/\/pura-arquitectura.com\/wordpress\/wp-content\/uploads\/2020\/01\/cartel-MartaBadiola.jpg\" data-rel=\"lightbox-image-8\" data-magnific_type=\"image\" data-rl_title=\"\" data-rl_caption=\"\" title=\"\">Conferencia dentro del ciclo &#8220;12 meses &#8211; 12 arquitectas&#8221;<\/a><\/u><br \/>\nColegio de Arquitectos Vasco Navarro COAVN, octubre 2019<\/li>\n<\/ul>\n<ul>\n<li><a href=\"http:\/\/pura-arquitectura.com\/wordpress\/wp-content\/uploads\/2020\/01\/BUILD-architecture-awards-1.jpg\" data-rel=\"lightbox-image-9\" data-magnific_type=\"image\" data-rl_title=\"\" data-rl_caption=\"\" title=\"\"><u>PITCHED HOUSE \/ CASA A DOS AGUAS: premio en los BUILD 2019 Architecture Awards<\/u><\/a><br \/>\nBest Housing Design Project (Spain)<br \/>\nMost innovative Architecture &amp; Interior Design<\/li>\n<\/ul>\n<ul>\n<li><u><a href=\"http:\/\/pura-arquitectura.com\/wordpress\/wp-content\/uploads\/2020\/01\/pura-arquitectura-cartel-1.jpg\" data-rel=\"lightbox-image-10\" data-magnific_type=\"image\" data-rl_title=\"\" data-rl_caption=\"\" title=\"\">Conferencia udaberriARK \/ primaverARQ<\/a><\/u><br \/>\nEscuela T\u00e9cnica Superior de Arquitectura de San Sebasti\u00e1n ETSA- UPV, marzo 2018<\/li>\n<\/ul>\n<ul>\n<li><a href=\"http:\/\/pura-arquitectura.com\/wordpress\/wp-content\/uploads\/2020\/01\/BUILD-Architecture-award.jpg\" data-rel=\"lightbox-image-11\" data-magnific_type=\"image\" data-rl_title=\"\" data-rl_caption=\"\" title=\"\"><u>MEZZANINE: premio en los BUILD 2018 Architecture Awards<\/u><\/a><br \/>\nSpain Most innovative Interior Design Project<\/li>\n<\/ul>\n<ul>\n<li><a href=\"http:\/\/pura-arquitectura.com\/wordpress\/wp-content\/uploads\/2017\/07\/07.jpg\" data-rel=\"lightbox-image-12\" data-magnific_type=\"image\" data-rl_title=\"\" data-rl_caption=\"\" title=\"\"><u>BEGIRAzubia: 2\u00ba premio en concurso de ideas<\/u><\/a><br \/>\nConexi\u00f3n urbana en Zumaia, febrero 2017<\/li>\n<\/ul>\n<ul>\n<li><a href=\"http:\/\/pura-arquitectura.com\/wordpress\/wp-content\/uploads\/2015\/10\/R2_con-gente.jpg\" data-rel=\"lightbox-image-13\" data-magnific_type=\"image\" data-rl_title=\"\" data-rl_caption=\"\" title=\"\"><u>IREK!: FINALISTA en concurso de ideas<\/u><\/a><br \/>\nBaskEur _ Stand itinerante Gure Zura, septiembre 2015<\/li>\n<\/ul>\n<ul>\n<li><a href=\"http:\/\/pura-arquitectura.com\/wordpress\/wp-content\/uploads\/2014\/11\/view_01.jpg\" data-rel=\"lightbox-image-14\" data-magnific_type=\"image\" data-rl_title=\"\" data-rl_caption=\"\" title=\"\"><u>iTzal: FINALISTA en concurso de ideas<\/u><\/a><br \/>\nZona cubierta en la Plaza Nagusia de Idiazabal, diciembre 2014<\/li>\n<\/ul>\n<div class=\"text_exposed_show\">\n<p>&nbsp;<\/p>\n<\/div>\n<p>&nbsp;<\/p>\n","protected":false},"excerpt":{"rendered":"<p>Biurrun-Olcoz: 3\u00ba PREMIO en concurso Casa Consistorial, Casa Concejil y Centro C\u00edvico-Social, agosto 2023 cena networking de Grupo V\u00eda con estudios de arquitectura l\u00edderes de la ciudad Restaurante Bokado Mikel Santamar\u00eda, octubre 2021 Conferencia inaugural curso 2021-22 Escuela T\u00e9cnica Superior de Arquitectura de San Sebasti\u00e1n ETSA- UPV, septiembre 2021 V de Bautismo: FINALISTA en el [&hellip;]<\/p>\n","protected":false},"author":1,"featured_media":0,"parent":0,"menu_order":0,"comment_status":"closed","ping_status":"closed","template":"","meta":{"_exactmetrics_skip_tracking":false,"_exactmetrics_sitenote_active":false,"_exactmetrics_sitenote_note":"","_exactmetrics_sitenote_category":0},"_links":{"self":[{"href":"https:\/\/pura-arquitectura.work\/index.php?rest_route=\/wp\/v2\/pages\/1671"}],"collection":[{"href":"https:\/\/pura-arquitectura.work\/index.php?rest_route=\/wp\/v2\/pages"}],"about":[{"href":"https:\/\/pura-arquitectura.work\/index.php?rest_route=\/wp\/v2\/types\/page"}],"author":[{"embeddable":true,"href":"https:\/\/pura-arquitectura.work\/index.php?rest_route=\/wp\/v2\/users\/1"}],"replies":[{"embeddable":true,"href":"https:\/\/pura-arquitectura.work\/index.php?rest_route=%2Fwp%2Fv2%2Fcomments&post=1671"}],"version-history":[{"count":47,"href":"https:\/\/pura-arquitectura.work\/index.php?rest_route=\/wp\/v2\/pages\/1671\/revisions"}],"predecessor-version":[{"id":2243,"href":"https:\/\/pura-arquitectura.work\/index.php?rest_route=\/wp\/v2\/pages\/1671\/revisions\/2243"}],"wp:attachment":[{"href":"https:\/\/pura-arquitectura.work\/index.php?rest_route=%2Fwp%2Fv2%2Fmedia&parent=1671"}],"curies":[{"name":"wp","href":"https:\/\/api.w.org\/{rel}","templated":true}]}}