{"id":653,"date":"2015-08-14T15:03:35","date_gmt":"2015-08-14T13:03:35","guid":{"rendered":"http:\/\/pura-arquitectura.com\/?page_id=653"},"modified":"2023-05-07T17:49:27","modified_gmt":"2023-05-07T15:49:27","slug":"653-2","status":"publish","type":"page","link":"https:\/\/pura-arquitectura.work\/?page_id=653","title":{"rendered":""},"content":{"rendered":"<p style=\"text-align: justify;\"><img decoding=\"async\" loading=\"lazy\" class=\"alignright wp-image-2109 size-medium\" src=\"http:\/\/pura-arquitectura.com\/wp-content\/uploads\/2023\/04\/IMG_5118-LR_CIRCLE-300x300.jpg\" alt=\"\" width=\"300\" height=\"300\" srcset=\"https:\/\/pura-arquitectura.work\/wordpress\/wp-content\/uploads\/2023\/04\/IMG_5118-LR_CIRCLE-300x300.jpg 300w, https:\/\/pura-arquitectura.work\/wordpress\/wp-content\/uploads\/2023\/04\/IMG_5118-LR_CIRCLE-1024x1024.jpg 1024w, https:\/\/pura-arquitectura.work\/wordpress\/wp-content\/uploads\/2023\/04\/IMG_5118-LR_CIRCLE-150x150.jpg 150w, https:\/\/pura-arquitectura.work\/wordpress\/wp-content\/uploads\/2023\/04\/IMG_5118-LR_CIRCLE-768x768.jpg 768w, https:\/\/pura-arquitectura.work\/wordpress\/wp-content\/uploads\/2023\/04\/IMG_5118-LR_CIRCLE-340x340.jpg 340w, https:\/\/pura-arquitectura.work\/wordpress\/wp-content\/uploads\/2023\/04\/IMG_5118-LR_CIRCLE-525x525.jpg 525w, https:\/\/pura-arquitectura.work\/wordpress\/wp-content\/uploads\/2023\/04\/IMG_5118-LR_CIRCLE-450x450.jpg 450w, https:\/\/pura-arquitectura.work\/wordpress\/wp-content\/uploads\/2023\/04\/IMG_5118-LR_CIRCLE.jpg 1080w\" sizes=\"(max-width: 300px) 100vw, 300px\" \/><\/p>\n<p style=\"text-align: justify;\">Marta Badiola funda el estudio <strong>pura arquitectura<\/strong> en Donostia\u00a0para trabajar en una arquitectura sostenible y cercana. Entiende\u00a0la arquitectura como un traje a medida de cada cliente, por lo que trabaja sobre sus necesidades y deseos cuidando los detalles y huyendo de soluciones convencionales.<\/p>\n<p style=\"text-align: justify;\">Apuesta\u00a0por el dise\u00f1o, la funcionalidad y la innovaci\u00f3n, siempre adapt\u00e1ndose a cada presupuesto.<\/p>\n<p style=\"text-align: justify;\">El estudio colabora con profesionales de diferentes disciplinas que aportan al resultado final la calidad como elemento diferenciador. Todo ello sin perder la frescura y la originalidad de una arquitectura de autor.<\/p>\n<p>&nbsp;<\/p>\n<p>&nbsp;<\/p>\n<p>&nbsp;<\/p>\n<p>&nbsp;<\/p>\n<p>&nbsp;<\/p>\n<p><img decoding=\"async\" loading=\"lazy\" class=\"wp-image-1450 size-medium alignleft\" src=\"http:\/\/pura-arquitectura.com\/wordpress\/wp-content\/uploads\/2018\/11\/marta-badiola_CIRCLE-300x300.png\" alt=\"\" width=\"300\" height=\"300\" srcset=\"https:\/\/pura-arquitectura.work\/wordpress\/wp-content\/uploads\/2018\/11\/marta-badiola_CIRCLE-300x300.png 300w, https:\/\/pura-arquitectura.work\/wordpress\/wp-content\/uploads\/2018\/11\/marta-badiola_CIRCLE-150x150.png 150w, https:\/\/pura-arquitectura.work\/wordpress\/wp-content\/uploads\/2018\/11\/marta-badiola_CIRCLE-768x768.png 768w, https:\/\/pura-arquitectura.work\/wordpress\/wp-content\/uploads\/2018\/11\/marta-badiola_CIRCLE-1024x1024.png 1024w, https:\/\/pura-arquitectura.work\/wordpress\/wp-content\/uploads\/2018\/11\/marta-badiola_CIRCLE-340x340.png 340w, https:\/\/pura-arquitectura.work\/wordpress\/wp-content\/uploads\/2018\/11\/marta-badiola_CIRCLE-525x525.png 525w, https:\/\/pura-arquitectura.work\/wordpress\/wp-content\/uploads\/2018\/11\/marta-badiola_CIRCLE-450x450.png 450w\" sizes=\"(max-width: 300px) 100vw, 300px\" \/><\/p>\n<p style=\"padding-left: 330px; text-align: justify;\"><strong>marta badiola<\/strong>\u00a0es arquitecta por la ETSA de San Sebasti\u00e1n en 2003 con Sobresaliente en el Proyecto Fin de Carrera.<\/p>\n<p style=\"padding-left: 330px; text-align: justify;\">En 2000-2001 cursa sus estudios en la Universit\u00e4t f\u00fcr Architektur de Karlsruhe, Alemania, con una beca Erasmus.<\/p>\n<p style=\"padding-left: 330px; text-align: justify;\">En 2003, al finalizar sus estudios de arquitectura, entra a trabajar en el <em>Estudio Beldarrain<\/em> con el arquitecto Juan Beldarrain. En 2008 funda junto con Juan Beldarrain\u00a0y 2 socios m\u00e1s\u00a0<em>Beldarrain Arquitectos Asociados<\/em> y desarrolla su actividad profesional en esta sociedad hasta 2015 liderando proyectos de diferente envergadura, desde su fase m\u00e1s inicial hasta la direcci\u00f3n de obra. Sus obras han recibido diversas distinciones.<\/p>\n<p style=\"padding-left: 330px; text-align: justify;\">Entre los proyectos en los que ha intervenido como Jefa de Proyecto cabe destacar\u00a0 el Edificio Carmen Mart\u00edn Gaite para la Universidad Carlos III de Madrid, primer edificio docente de Espa\u00f1a con certificaci\u00f3n de sostenibilidad LEED Platino.<\/p>\n<p style=\"padding-left: 330px; text-align: justify;\">En 2015 funda Pura Arquitectura.<\/p>\n","protected":false},"excerpt":{"rendered":"<p>Marta Badiola funda el estudio pura arquitectura en Donostia\u00a0para trabajar en una arquitectura sostenible y cercana. Entiende\u00a0la arquitectura como un traje a medida de cada cliente, por lo que trabaja sobre sus necesidades y deseos cuidando los detalles y huyendo de soluciones convencionales. Apuesta\u00a0por el dise\u00f1o, la funcionalidad y la innovaci\u00f3n, siempre adapt\u00e1ndose a cada [&hellip;]<\/p>\n","protected":false},"author":1,"featured_media":0,"parent":0,"menu_order":0,"comment_status":"open","ping_status":"open","template":"","meta":{"_exactmetrics_skip_tracking":false,"_exactmetrics_sitenote_active":false,"_exactmetrics_sitenote_note":"","_exactmetrics_sitenote_category":0},"_links":{"self":[{"href":"https:\/\/pura-arquitectura.work\/index.php?rest_route=\/wp\/v2\/pages\/653"}],"collection":[{"href":"https:\/\/pura-arquitectura.work\/index.php?rest_route=\/wp\/v2\/pages"}],"about":[{"href":"https:\/\/pura-arquitectura.work\/index.php?rest_route=\/wp\/v2\/types\/page"}],"author":[{"embeddable":true,"href":"https:\/\/pura-arquitectura.work\/index.php?rest_route=\/wp\/v2\/users\/1"}],"replies":[{"embeddable":true,"href":"https:\/\/pura-arquitectura.work\/index.php?rest_route=%2Fwp%2Fv2%2Fcomments&post=653"}],"version-history":[{"count":46,"href":"https:\/\/pura-arquitectura.work\/index.php?rest_route=\/wp\/v2\/pages\/653\/revisions"}],"predecessor-version":[{"id":2115,"href":"https:\/\/pura-arquitectura.work\/index.php?rest_route=\/wp\/v2\/pages\/653\/revisions\/2115"}],"wp:attachment":[{"href":"https:\/\/pura-arquitectura.work\/index.php?rest_route=%2Fwp%2Fv2%2Fmedia&parent=653"}],"curies":[{"name":"wp","href":"https:\/\/api.w.org\/{rel}","templated":true}]}}